{"id":31,"date":"2023-11-06T07:56:53","date_gmt":"2023-11-06T07:56:53","guid":{"rendered":"http:\/\/trdpaper.com\/?page_id=31"},"modified":"2023-12-15T16:13:33","modified_gmt":"2023-12-15T16:13:33","slug":"about-us","status":"publish","type":"page","link":"https:\/\/trdpaper.com\/en\/about-us\/","title":{"rendered":"About Us"},"content":{"rendered":"\t\t<div data-elementor-type=\"wp-page\" data-elementor-id=\"31\" class=\"elementor elementor-31\">\n\t\t\t\t<div class=\"elementor-element elementor-element-52fdc9c e-con-full e-flex e-con e-parent\" data-id=\"52fdc9c\" data-element_type=\"container\" data-e-type=\"container\" data-settings=\"{&quot;background_background&quot;:&quot;slideshow&quot;,&quot;background_slideshow_gallery&quot;:[{&quot;id&quot;:446,&quot;url&quot;:&quot;https:\\\/\\\/trdpaper.com\\\/wp-content\\\/uploads\\\/2023\\\/11\\\/magazine-publication-pages-3526142.jpg&quot;}],&quot;background_slideshow_slide_transition&quot;:&quot;fade&quot;}\">\n\t\t\t\t<div class=\"elementor-element elementor-element-ce463e6 animated-fast elementor-invisible elementor-widget elementor-widget-heading\" data-id=\"ce463e6\" data-element_type=\"widget\" data-e-type=\"widget\" data-settings=\"{&quot;_animation&quot;:&quot;fadeInDown&quot;}\" data-widget_type=\"heading.default\">\n\t\t\t\t<div class=\"elementor-widget-container\">\n\t\t\t\t\t<h2 class=\"elementor-heading-title elementor-size-default\">SOBRE NOSOTROS<\/h2>\t\t\t\t<\/div>\n\t\t\t\t<\/div>\n\t\t\t\t<div class=\"elementor-element elementor-element-7cb6396 elementor-widget-divider--view-line elementor-invisible elementor-widget elementor-widget-divider\" data-id=\"7cb6396\" data-element_type=\"widget\" data-e-type=\"widget\" data-settings=\"{&quot;_animation&quot;:&quot;fadeInDown&quot;}\" data-widget_type=\"divider.default\">\n\t\t\t\t<div class=\"elementor-widget-container\">\n\t\t\t\t\t\t\t<div class=\"elementor-divider\">\n\t\t\t<span class=\"elementor-divider-separator\">\n\t\t\t\t\t\t<\/span>\n\t\t<\/div>\n\t\t\t\t\t\t<\/div>\n\t\t\t\t<\/div>\n\t\t\t\t<\/div>\n\t\t<div class=\"elementor-element elementor-element-73b72ee e-con-full e-flex e-con e-parent\" data-id=\"73b72ee\" data-element_type=\"container\" data-e-type=\"container\" data-settings=\"{&quot;background_background&quot;:&quot;classic&quot;}\">\n\t\t<div class=\"elementor-element elementor-element-c6dbe46 e-flex e-con-boxed e-con e-child\" data-id=\"c6dbe46\" data-element_type=\"container\" data-e-type=\"container\">\n\t\t\t\t\t<div class=\"e-con-inner\">\n\t\t<div class=\"elementor-element elementor-element-e48d683 e-con-full e-flex e-con e-child\" data-id=\"e48d683\" data-element_type=\"container\" data-e-type=\"container\">\n\t\t\t\t<div class=\"elementor-element elementor-element-449bb6c elementor-invisible elementor-widget elementor-widget-text-editor\" data-id=\"449bb6c\" data-element_type=\"widget\" data-e-type=\"widget\" data-settings=\"{&quot;_animation&quot;:&quot;slideInLeft&quot;}\" data-widget_type=\"text-editor.default\">\n\t\t\t\t<div class=\"elementor-widget-container\">\n\t\t\t\t\t\t\t\t\t<h3 style=\"text-align: center;\">\u00bfQUI\u00c9NES SOMOS?<\/h3>\n<hr>\n<p><br>Somos una empresa l\u00edder en la distribuci\u00f3n de papel y cart\u00f3n de alta calidad. Con d\u00e9cadas de experiencia, nos enfocamos en ofrecer soluciones de embalaje y suministros sostenibles y vers\u00e1tiles. Nuestra pasi\u00f3n es superar las expectativas de nuestros clientes, brindando calidad y confiabilidad en cada producto que distribuimos. Descubre por qu\u00e9 somos la elecci\u00f3n preferida de negocios en busca de materiales excepcionales para sus necesidades de embalaje y suministros.<\/p>\t\t\t\t\t\t\t\t<\/div>\n\t\t\t\t<\/div>\n\t\t\t\t<\/div>\n\t\t<div class=\"elementor-element elementor-element-b5c98cf e-con-full e-flex elementor-invisible e-con e-child\" data-id=\"b5c98cf\" data-element_type=\"container\" data-e-type=\"container\" data-settings=\"{&quot;animation&quot;:&quot;slideInRight&quot;}\">\n\t\t\t\t<div class=\"elementor-element elementor-element-a072393 elementor-widget elementor-widget-image\" data-id=\"a072393\" data-element_type=\"widget\" data-e-type=\"widget\" data-widget_type=\"image.default\">\n\t\t\t\t<div class=\"elementor-widget-container\">\n\t\t\t\t\t\t\t\t\t\t\t\t\t\t\t<img decoding=\"async\" width=\"1\" height=\"1\" src=\"https:\/\/trdpaper.com\/wp-content\/uploads\/2023\/11\/Recurso-8.svg\" class=\"attachment-medium_large size-medium_large wp-image-178\" alt=\"\" \/>\t\t\t\t\t\t\t\t\t\t\t\t\t\t\t<\/div>\n\t\t\t\t<\/div>\n\t\t\t\t<\/div>\n\t\t\t\t\t<\/div>\n\t\t\t\t<\/div>\n\t\t\t\t<\/div>\n\t\t<div class=\"elementor-element elementor-element-2d04379 e-con-full e-flex e-con e-parent\" data-id=\"2d04379\" data-element_type=\"container\" data-e-type=\"container\" data-settings=\"{&quot;background_background&quot;:&quot;classic&quot;}\">\n\t\t<div class=\"elementor-element elementor-element-cf3cca6 e-con-full e-flex e-con e-child\" data-id=\"cf3cca6\" data-element_type=\"container\" data-e-type=\"container\">\n\t\t\t\t<div class=\"elementor-element elementor-element-e2dea8e elementor-invisible elementor-widget elementor-widget-text-editor\" data-id=\"e2dea8e\" data-element_type=\"widget\" data-e-type=\"widget\" data-settings=\"{&quot;_animation&quot;:&quot;slideInLeft&quot;}\" data-widget_type=\"text-editor.default\">\n\t\t\t\t<div class=\"elementor-widget-container\">\n\t\t\t\t\t\t\t\t\t<h3 style=\"text-align: center;\">NUESTRA VISI\u00d3N<\/h3><hr \/><p><br \/>En TRD Trading LLC., nos esforzamos por liderar la distribuci\u00f3n de papel y cart\u00f3n con innovaci\u00f3n y sostenibilidad.<\/p><p style=\"text-align: left;\">Nuestra visi\u00f3n es ser socios estrat\u00e9gicos al ofrecer soluciones de embalaje de calidad que anticipen las necesidades del mercado.\u00a0 Comprometidos con la excelencia y la responsabilidad ambiental, buscamos establecer est\u00e1ndares en la industria.<\/p><p>Descubre c\u00f3mo redefinimos la experiencia en distribuci\u00f3n de papel y cart\u00f3n para impulsar el \u00e9xito de tu negocio.<\/p>\t\t\t\t\t\t\t\t<\/div>\n\t\t\t\t<\/div>\n\t\t\t\t<\/div>\n\t\t<div class=\"elementor-element elementor-element-a37da68 e-con-full e-flex e-con e-child\" data-id=\"a37da68\" data-element_type=\"container\" data-e-type=\"container\">\n\t\t\t\t<div class=\"elementor-element elementor-element-493ed7c elementor-invisible elementor-widget elementor-widget-text-editor\" data-id=\"493ed7c\" data-element_type=\"widget\" data-e-type=\"widget\" data-settings=\"{&quot;_animation&quot;:&quot;slideInRight&quot;}\" data-widget_type=\"text-editor.default\">\n\t\t\t\t<div class=\"elementor-widget-container\">\n\t\t\t\t\t\t\t\t\t<h3 style=\"text-align: center;\">NUESTRA MISI\u00d3N<\/h3><hr \/><p><br \/>Nos dedicamos a transformar la distribuci\u00f3n de papel y cart\u00f3n con soluciones innovadoras y sostenibles. Buscamos ser el socio preferido para empresas que valoran la calidad excepcional en materiales de embalaje y suministros.<\/p><p>Nuestra misi\u00f3n es impulsar el \u00e9xito de nuestros clientes con productos que inspiran confianza y protecci\u00f3n en cada env\u00edo. Descubre un camino de calidad y sostenibilidad en cada hoja y cart\u00f3n que distribuimos.<\/p>\t\t\t\t\t\t\t\t<\/div>\n\t\t\t\t<\/div>\n\t\t\t\t<\/div>\n\t\t\t\t<\/div>\n\t\t\t\t<\/div>\n\t\t","protected":false},"excerpt":{"rendered":"<p>SOBRE NOSOTROS \u00bfQUI\u00c9NES SOMOS? Somos una empresa l\u00edder en la distribuci\u00f3n de papel y cart\u00f3n de alta calidad. Con d\u00e9cadas de experiencia, nos enfocamos en ofrecer soluciones de embalaje y suministros sostenibles y vers\u00e1tiles. Nuestra pasi\u00f3n es superar las expectativas de nuestros clientes, brindando calidad y confiabilidad en cada producto que distribuimos. Descubre por qu\u00e9 [&hellip;]<\/p>\n","protected":false},"author":1,"featured_media":0,"parent":0,"menu_order":0,"comment_status":"closed","ping_status":"closed","template":"","meta":{"footnotes":""},"class_list":["post-31","page","type-page","status-publish","hentry"],"_links":{"self":[{"href":"https:\/\/trdpaper.com\/en\/wp-json\/wp\/v2\/pages\/31","targetHints":{"allow":["GET"]}}],"collection":[{"href":"https:\/\/trdpaper.com\/en\/wp-json\/wp\/v2\/pages"}],"about":[{"href":"https:\/\/trdpaper.com\/en\/wp-json\/wp\/v2\/types\/page"}],"author":[{"embeddable":true,"href":"https:\/\/trdpaper.com\/en\/wp-json\/wp\/v2\/users\/1"}],"replies":[{"embeddable":true,"href":"https:\/\/trdpaper.com\/en\/wp-json\/wp\/v2\/comments?post=31"}],"version-history":[{"count":32,"href":"https:\/\/trdpaper.com\/en\/wp-json\/wp\/v2\/pages\/31\/revisions"}],"predecessor-version":[{"id":569,"href":"https:\/\/trdpaper.com\/en\/wp-json\/wp\/v2\/pages\/31\/revisions\/569"}],"wp:attachment":[{"href":"https:\/\/trdpaper.com\/en\/wp-json\/wp\/v2\/media?parent=31"}],"curies":[{"name":"wp","href":"https:\/\/api.w.org\/{rel}","templated":true}]}}